{"id":9174,"date":"2025-03-21T12:41:03","date_gmt":"2025-03-21T10:41:03","guid":{"rendered":"https:\/\/elamusmajutus.eu\/customer-dashboard\/"},"modified":"2025-09-01T20:42:05","modified_gmt":"2025-09-01T17:42:05","slug":"customer-dashboard","status":"publish","type":"page","link":"https:\/\/elamusmajutus.eu\/en\/customer-dashboard\/","title":{"rendered":"Customer dashboard"},"content":{"rendered":"\t\t<div data-elementor-type=\"wp-page\" data-elementor-id=\"9174\" class=\"elementor elementor-9174 elementor-2054\" data-elementor-post-type=\"page\">\n\t\t\t\t<div class=\"elementor-element elementor-element-19df247 e-flex e-con-boxed e-con e-parent\" data-id=\"19df247\" data-element_type=\"container\" data-e-type=\"container\">\n\t\t\t\t\t<div class=\"e-con-inner\">\n\t\t\t\t<div class=\"elementor-element elementor-element-89f26b9 elementor-widget elementor-widget-shortcode\" data-id=\"89f26b9\" data-element_type=\"widget\" data-e-type=\"widget\" data-widget_type=\"shortcode.default\">\n\t\t\t\t<div class=\"elementor-widget-container\">\n\t\t\t\t\t\t\t<div class=\"elementor-shortcode\"><div class=\"woocommerce ct-woo-unauthorized\"><div class=\"woocommerce-notices-wrapper\"><\/div>\n\n<div class=\"u-columns col2-set\" id=\"customer_login\">\n\n\t<div class=\"u-column1 col-1\">\n\n\n\t\t<h2>Login<\/h2>\n\n\t\t<form class=\"woocommerce-form woocommerce-form-login login\" method=\"post\" novalidate>\n\n\t\t\t<div class=\"googlesitekit-sign-in-with-google__frontend-output-button woocommerce-form-row form-row\"><\/div>\n\t\t\t<p class=\"woocommerce-form-row woocommerce-form-row--wide form-row form-row-wide\">\n\t\t\t\t<label for=\"username\">Username or email address&nbsp;<span class=\"required\" aria-hidden=\"true\">*<\/span><span class=\"screen-reader-text\">Required<\/span><\/label>\n\t\t\t\t<input type=\"text\" class=\"woocommerce-Input woocommerce-Input--text input-text\" name=\"username\" id=\"username\" autocomplete=\"username\" value=\"\" required aria-required=\"true\" \/>\t\t\t<\/p>\n\t\t\t<p class=\"woocommerce-form-row woocommerce-form-row--wide form-row form-row-wide\">\n\t\t\t\t<label for=\"password\">Password&nbsp;<span class=\"required\" aria-hidden=\"true\">*<\/span><span class=\"screen-reader-text\">Required<\/span><\/label>\n\t\t\t\t<input class=\"woocommerce-Input woocommerce-Input--text input-text\" type=\"password\" name=\"password\" id=\"password\" autocomplete=\"current-password\" required aria-required=\"true\" \/>\n\t\t\t<\/p>\n\n\t\t\t\n\t\t\t<p class=\"form-row\">\n\t\t\t\t<label class=\"woocommerce-form__label woocommerce-form__label-for-checkbox woocommerce-form-login__rememberme\">\n\t\t\t\t\t<input class=\"woocommerce-form__input woocommerce-form__input-checkbox\" name=\"rememberme\" type=\"checkbox\" id=\"rememberme\" value=\"forever\" \/> <span>Remember me<\/span>\n\t\t\t\t<\/label>\n\t\t\t\t<input type=\"hidden\" id=\"woocommerce-login-nonce\" name=\"woocommerce-login-nonce\" value=\"eb56072ddb\" \/><input type=\"hidden\" name=\"_wp_http_referer\" value=\"\/en\/wp-json\/wp\/v2\/pages\/9174\" \/>\t\t\t\t<button type=\"submit\" class=\"woocommerce-button button woocommerce-form-login__submit\" name=\"login\" value=\"Log in\">Log in<\/button>\n\t\t\t<\/p>\n\t\t\t<p class=\"woocommerce-LostPassword lost_password\">\n\t\t\t\t<a href=\"https:\/\/elamusmajutus.eu\/minu-konto\/lost-password\/\">Lost your password?<\/a>\n\t\t\t<\/p>\n\n\t\t\t\n\t\t<\/form>\n\n\n\t<\/div>\n\n\t<div class=\"u-column2 col-2\">\n\n\t\t<h2>Register<\/h2>\n\n\t\t<form method=\"post\" class=\"woocommerce-form woocommerce-form-register register\"  >\n\n\t\t\t\n\t\t\t\n\t\t\t<p class=\"woocommerce-form-row woocommerce-form-row--wide form-row form-row-wide\">\n\t\t\t\t<label for=\"reg_email\">Email address&nbsp;<span class=\"required\" aria-hidden=\"true\">*<\/span><span class=\"screen-reader-text\">Required<\/span><\/label>\n\t\t\t\t<input type=\"email\" class=\"woocommerce-Input woocommerce-Input--text input-text\" name=\"email\" id=\"reg_email\" autocomplete=\"email\" value=\"\" required aria-required=\"true\" \/>\t\t\t<\/p>\n\n\t\t\t\n\t\t\t\t<p>A link to set a new password will be sent to your email address.<\/p>\n\n\t\t\t\n\t\t\t\n<div class=\"show_if_seller\" style=\"display:none\">\n\n    <div class=\"split-row form-row-wide\">\n        <p class=\"form-row form-group\">\n            <label for=\"first-name\">First Name <span class=\"required\">*<\/span><\/label>\n            <input type=\"text\" class=\"input-text form-control\" name=\"fname\" id=\"first-name\" value=\"\" required=\"required\" \/>\n        <\/p>\n\n        <p class=\"form-row form-group\">\n            <label for=\"last-name\">Last Name <span class=\"required\">*<\/span><\/label>\n            <input type=\"text\" class=\"input-text form-control\" name=\"lname\" id=\"last-name\" value=\"\" required=\"required\" \/>\n        <\/p>\n    <\/div>\n\n    <p class=\"form-row form-group form-row-wide\">\n        <label for=\"company-name\">Shop Name <span class=\"required\">*<\/span><\/label>\n        <input type=\"text\" class=\"input-text form-control\" name=\"shopname\" id=\"company-name\" value=\"\" required=\"required\" \/>\n    <\/p>\n\n    <p class=\"form-row form-group form-row-wide\">\n        <label for=\"seller-url\" class=\"pull-left\">Shop URL <span class=\"required\">*<\/span><\/label>\n        <strong id=\"url-alart-mgs\" class=\"pull-right\"><\/strong>\n        <input type=\"text\" class=\"input-text form-control\" name=\"shopurl\" id=\"seller-url\" value=\"\" required=\"required\" \/>\n        <small>https:\/\/elamusmajutus.eu\/en\/majutused\/<strong id=\"url-alart\"><\/strong><\/small>\n    <\/p>\n\n    \n<input type=\"hidden\" id=\"dokan_selected_country\" value=\"\"\/>\n<input type=\"hidden\" id=\"dokan_selected_state\" value=\"\"\/>\n<div class=\"dokan-form-group\">\n    <label class=\"dokan-hide dokan-control-label\" for=\"setting_address\">Address<\/label>\n\n    <div id=\"dokan-address-fields-wrapper\" class=\" dokan-text-left dokan-address-fields\">\n                    <div class=\"dokan-form-group\">\n                <label class=\"control-label\" for=\"dokan_address[street_1]\">Street                                             <span class=\"required\"> *<\/span>\n                                    <\/label>\n                <input required                     id=\"dokan_address[street_1]\"\n                    value=\"\"\n                    name=\"dokan_address[street_1]\"\n                    placeholder=\"Street address\"\n                    class=\"dokan-form-control input-md\" type=\"text\">\n            <\/div>\n                        <div class=\"dokan-form-group\">\n                <label class=\"control-label\" for=\"dokan_address[street_2]\">Street 2                                    <\/label>\n                <input                      id=\"dokan_address[street_2]\"\n                    value=\"\"\n                    name=\"dokan_address[street_2]\"\n                    placeholder=\"Apartment, suite, unit etc. (optional)\"\n                    class=\"dokan-form-control input-md\" type=\"text\">\n            <\/div>\n                        <div class=\"dokan-from-group\">\n                                    <div class=\"dokan-form-group dokan-w6 dokan-left dokan-right-margin-30\">\n                        <label class=\"control-label\" for=\"dokan_address[city]\">City                                                            <span class=\"required\"> *<\/span>\n                                                    <\/label>\n                        <input required                             id=\"dokan_address[city]\"\n                            value=\"\"\n                            name=\"dokan_address[city]\"\n                            placeholder=\"Town \/ City\"\n                            class=\"dokan-form-control input-md\" type=\"text\">\n                    <\/div>\n                                        <div class=\"dokan-form-group dokan-w5 dokan-left\">\n                        <label class=\"control-label\" for=\"dokan_address[zip]\">Post\/ZIP Code                                                            <span class=\"required\"> *<\/span>\n                                                    <\/label>\n                        <input required                             id=\"dokan_address[zip]\"\n                            value=\"\"\n                            name=\"dokan_address[zip]\"\n                            placeholder=\"Postcode \/ Zip\"\n                            class=\"dokan-form-control input-md\" type=\"text\">\n                    <\/div>\n                                <div class=\"dokan-clearfix\"><\/div>\n            <\/div>\n                        <div class=\"dokan-form-group\">\n                <label class=\"control-label\" for=\"dokan_address[country]\">Country                                             <span class=\"required\"> *<\/span>\n                                    <\/label>\n                <select required  name=\"dokan_address[country]\" class=\"country_to_state dokan-form-control\" id=\"dokan_address_country\">\n                    <option value=\"\">- Select a location -<\/option><optgroup label=\"------------------------------\"><option value=\"EE\">Estonia<\/option><\/optgroup>                <\/select>\n            <\/div>\n                        <div id=\"dokan-states-box\" class=\"dokan-form-group\">\n                <label class=\"control-label\" for=\"dokan_address[state]\">State                                     <\/label>\n                                    <input                          name=\"dokan_address[state]\"\n                        class=\"dokan-form-control \"\n                        id=\"dokan_address_state\"\n                        value=\"\"\/>\n                                <\/div>\n        \n            <\/div>\n<\/div>\n\n    <p class=\"form-row form-group form-row-wide\">\n        <label for=\"shop-phone\">Phone Number<span class=\"required\">*<\/span><\/label>\n        <input type=\"text\" class=\"input-text form-control\" name=\"phone\" id=\"shop-phone\" value=\"\" required=\"required\" \/>\n    <\/p>\n\n            <p class=\"form-row form-group form-row-wide\">\n            <input class=\"tc_check_box\" type=\"checkbox\" id=\"tc_agree\" name=\"tc_agree\" required=\"required\">\n            <label style=\"display: inline\" for=\"tc_agree\">\n                I have read and agree to the <a target=\"_blank\" href=\"https:\/\/elamusmajutus.eu\/en\/elamusmajutus-eu-terms-of-use\/\">Terms &amp; Conditions<\/a>.            <\/label>\n        <\/p>\n        <\/div>\n\n\n<p class=\"form-row form-group user-role vendor-customer-registration\">\n\n    <label class=\"radio\">\n        <input type=\"radio\" name=\"role\" value=\"customer\" checked='checked' class=\"dokan-role-customer\">\n        I am a customer    <\/label>\n    <br\/>\n    <label class=\"radio\">\n        <input type=\"radio\" name=\"role\" value=\"seller\"  class=\"dokan-role-seller\">\n        I am a vendor    <\/label>\n    <\/p>\n<wc-order-attribution-inputs><\/wc-order-attribution-inputs><div class=\"woocommerce-privacy-policy-text\"><p>Teie isikuandmeid kasutatakse teie kogemuse toetamiseks sellel veebisaidil, teie kontole juurdep\u00e4\u00e4su haldamiseks ja muudel eesm\u00e4rkidel, mida on kirjeldatud meie <a href=\"https:\/\/elamusmajutus.eu\/privaatsuspoliitika\/\" class=\"woocommerce-privacy-policy-link\" target=\"_blank\">privacy policy<\/a>.<\/p>\n<\/div>\n\t\t\t<p class=\"woocommerce-form-row form-row\">\n\t\t\t\t<input type=\"hidden\" id=\"woocommerce-register-nonce\" name=\"woocommerce-register-nonce\" value=\"5a4c17ce55\" \/><input type=\"hidden\" name=\"_wp_http_referer\" value=\"\/en\/wp-json\/wp\/v2\/pages\/9174\" \/>\t\t\t\t<button type=\"submit\" class=\"woocommerce-Button woocommerce-button button woocommerce-form-register__submit\" name=\"register\" value=\"Register\">Register<\/button>\n\t\t\t<\/p>\n\n\t\t\t\n\t\t<\/form>\n\n\t<\/div>\n\n<\/div>\n\n<\/div><\/div>\n\t\t\t\t\t\t<\/div>\n\t\t\t\t<\/div>\n\t\t\t\t\t<\/div>\n\t\t\t\t<\/div>\n\t\t\t\t<\/div>\n\t\t","protected":false},"excerpt":{"rendered":"","protected":false},"author":1,"featured_media":0,"parent":0,"menu_order":0,"comment_status":"closed","ping_status":"closed","template":"","meta":{"om_disable_all_campaigns":false,"_monsterinsights_skip_tracking":false,"_monsterinsights_sitenote_active":false,"_monsterinsights_sitenote_note":"","_monsterinsights_sitenote_category":0,"footnotes":""},"class_list":["post-9174","page","type-page","status-publish","hentry"],"blocksy_meta":[],"aioseo_notices":[],"jetpack_sharing_enabled":true,"_links":{"self":[{"href":"https:\/\/elamusmajutus.eu\/en\/wp-json\/wp\/v2\/pages\/9174","targetHints":{"allow":["GET"]}}],"collection":[{"href":"https:\/\/elamusmajutus.eu\/en\/wp-json\/wp\/v2\/pages"}],"about":[{"href":"https:\/\/elamusmajutus.eu\/en\/wp-json\/wp\/v2\/types\/page"}],"author":[{"embeddable":true,"href":"https:\/\/elamusmajutus.eu\/en\/wp-json\/wp\/v2\/users\/1"}],"replies":[{"embeddable":true,"href":"https:\/\/elamusmajutus.eu\/en\/wp-json\/wp\/v2\/comments?post=9174"}],"version-history":[{"count":1,"href":"https:\/\/elamusmajutus.eu\/en\/wp-json\/wp\/v2\/pages\/9174\/revisions"}],"predecessor-version":[{"id":9175,"href":"https:\/\/elamusmajutus.eu\/en\/wp-json\/wp\/v2\/pages\/9174\/revisions\/9175"}],"wp:attachment":[{"href":"https:\/\/elamusmajutus.eu\/en\/wp-json\/wp\/v2\/media?parent=9174"}],"curies":[{"name":"wp","href":"https:\/\/api.w.org\/{rel}","templated":true}]}}