{"id":8980,"date":"2025-07-28T23:51:11","date_gmt":"2025-07-28T20:51:11","guid":{"rendered":"https:\/\/elamusmajutus.eu\/majutus\/joesuu-rural-stay-holiday-house\/"},"modified":"2025-09-01T19:56:04","modified_gmt":"2025-09-01T16:56:04","slug":"joesuu-rural-stay-holiday-house","status":"publish","type":"product","link":"https:\/\/elamusmajutus.eu\/en\/accommodation\/joesuu-rural-stay-holiday-house\/","title":{"rendered":"J\u00f5esuu Rural Stay Holiday House"},"content":{"rendered":"<p><strong data-start=\"52\" data-end=\"239\">Located on the shores of Lake V\u00f5rtsj\u00e4rv, at the beginning of the Suur-Emaj\u00f5gi River, J\u00f5esuu Tourism Farm offers a cozy and pleasant retreat in the heart of nature throughout the year.<\/strong><br data-start=\"239\" data-end=\"242\" \/>In addition to beautiful views, this place offers enjoyable and memorable leisure activities and water sports opportunities.<br data-start=\"366\" data-end=\"369\" \/>Whether you&#8217;re a family or a group of friends, you can enjoy a relaxing weekend, active recreation, or a small celebration.<\/p>\n<p data-start=\"51\" data-end=\"279\"><strong data-start=\"51\" data-end=\"144\">The J\u00f5esuu Tourism Farm Holiday House accommodates up to 6 people and features 2 bedrooms<\/strong> (2+2 beds + a sofa bed for 2).<br data-start=\"175\" data-end=\"178\" \/>The house is comfortably furnished and equipped with everything you need to enjoy a carefree holiday.<\/p>\n<p data-start=\"281\" data-end=\"493\">There is air conditioning, and the kitchen is fully equipped for cooking and serving meals.<br data-start=\"372\" data-end=\"375\" \/>On the riverside terrace, you\u2019ll find a grill and outdoor furniture \u2013 perfect for sunny days and warm summer evenings.<\/p>\n<p data-start=\"495\" data-end=\"621\">In addition, J\u00f5esuu Tourism Farm offers a variety of active leisure activities and water sports to make every visit memorable.<\/p>\n<p data-start=\"623\" data-end=\"729\">We are located at the 35th kilometer of the Tartu\u2013Viljandi highway, easily accessible by car and by water.<\/p>\n<p data-start=\"731\" data-end=\"888\"><strong data-start=\"731\" data-end=\"776\">Boat dock spaces are available for guests<\/strong>, allowing you to fully enjoy the beautiful views and water experiences of Lake V\u00f5rtsj\u00e4rv and the Emaj\u00f5gi River.<\/p>\n","protected":false},"excerpt":{"rendered":"<p><strong>Holiday on the shores of Lake V\u00f5rtsj\u00e4rv, in J\u00f5esuu Rural Stay!<\/strong><\/p>\n","protected":false},"featured_media":8735,"comment_status":"open","ping_status":"closed","template":"","meta":{"om_disable_all_campaigns":false,"_monsterinsights_skip_tracking":false,"_monsterinsights_sitenote_active":false,"_monsterinsights_sitenote_note":"","_monsterinsights_sitenote_category":0},"product_brand":[452],"product_cat":[349],"product_tag":[409],"class_list":{"0":"post-8980","1":"product","2":"type-product","3":"status-publish","4":"has-post-thumbnail","6":"product_brand-puhkemaja","7":"product_cat-holiday-house","8":"product_tag-tartumaa-en","9":"pa_a_mugavused-air-conditioner","10":"pa_a_mugavused-bbq-set-included","11":"pa_a_mugavused-beautiful-view","12":"pa_a_mugavused-bed-linen","13":"pa_a_mugavused-electricity","14":"pa_a_mugavused-equipped-kitchen","15":"pa_a_mugavused-outdoor-furniture","16":"pa_a_mugavused-private-toilet","17":"pa_a_mugavused-shared-bathroom","18":"pa_a_mugavused-terrace","19":"pa_a_mugavused-towels-included","20":"pa_a_mugavused-tv-en","21":"pa_b_lisatasu-catering","22":"pa_b_lisatasu-fishing","23":"pa_b_lisatasu-sauna","24":"pa_b_lisatasu-sup-board-rental","25":"pa_c_majutuskoha_reeglid-children-allowed","26":"pa_c_majutuskoha_reeglid-firemaking-not-allowed","27":"pa_c_majutuskoha_reeglid-pets-allowed","28":"pa_c_majutuskoha_reeglid-smoking-allowed-outdoors","29":"pa_d_laheduses-matkarada","30":"pa_d_laheduses-muuseum","31":"pa_d_laheduses-veekogu-lahedal","33":"first","34":"instock","35":"virtual","36":"sold-individually","37":"purchasable","38":"product-type-accommodation-booking"},"booking_location":"","booking_location_type":"","booking_duration":1,"booking_duration_unit":"night","booking_buffer":0,"booking_cost":0,"booking_resources":[],"aioseo_notices":[],"jetpack_sharing_enabled":true,"_links":{"self":[{"href":"https:\/\/elamusmajutus.eu\/en\/wp-json\/wp\/v2\/product\/8980","targetHints":{"allow":["GET"]}}],"collection":[{"href":"https:\/\/elamusmajutus.eu\/en\/wp-json\/wp\/v2\/product"}],"about":[{"href":"https:\/\/elamusmajutus.eu\/en\/wp-json\/wp\/v2\/types\/product"}],"replies":[{"embeddable":true,"href":"https:\/\/elamusmajutus.eu\/en\/wp-json\/wp\/v2\/comments?post=8980"}],"version-history":[{"count":1,"href":"https:\/\/elamusmajutus.eu\/en\/wp-json\/wp\/v2\/product\/8980\/revisions"}],"predecessor-version":[{"id":9108,"href":"https:\/\/elamusmajutus.eu\/en\/wp-json\/wp\/v2\/product\/8980\/revisions\/9108"}],"wp:featuredmedia":[{"embeddable":true,"href":"https:\/\/elamusmajutus.eu\/en\/wp-json\/wp\/v2\/media\/8735"}],"wp:attachment":[{"href":"https:\/\/elamusmajutus.eu\/en\/wp-json\/wp\/v2\/media?parent=8980"}],"wp:term":[{"taxonomy":"product_brand","embeddable":true,"href":"https:\/\/elamusmajutus.eu\/en\/wp-json\/wp\/v2\/product_brand?post=8980"},{"taxonomy":"product_cat","embeddable":true,"href":"https:\/\/elamusmajutus.eu\/en\/wp-json\/wp\/v2\/product_cat?post=8980"},{"taxonomy":"product_tag","embeddable":true,"href":"https:\/\/elamusmajutus.eu\/en\/wp-json\/wp\/v2\/product_tag?post=8980"}],"curies":[{"name":"wp","href":"https:\/\/api.w.org\/{rel}","templated":true}]}}