{"id":8984,"date":"2025-07-21T20:02:18","date_gmt":"2025-07-21T17:02:18","guid":{"rendered":"https:\/\/elamusmajutus.eu\/majutus\/joesuu-rural-stay-sauna-house\/"},"modified":"2025-09-01T19:56:10","modified_gmt":"2025-09-01T16:56:10","slug":"joesuu-rural-stay-sauna-house","status":"publish","type":"product","link":"https:\/\/elamusmajutus.eu\/en\/accommodation\/joesuu-rural-stay-sauna-house\/","title":{"rendered":"J\u00f5esuu Rural Stay Sauna House"},"content":{"rendered":"<p><strong data-start=\"52\" data-end=\"239\">Located on the shores of Lake V\u00f5rtsj\u00e4rv, at the beginning of the Suur-Emaj\u00f5gi River, J\u00f5esuu Rural Stay offers a cozy and pleasant retreat in the heart of nature throughout the year.<\/strong><br data-start=\"239\" data-end=\"242\" \/>In addition to beautiful views, this place offers enjoyable and memorable leisure activities and water sports opportunities.<br data-start=\"366\" data-end=\"369\" \/>Whether you&#8217;re a family or a group of friends, you can enjoy a relaxing weekend, active recreation, or a small celebration.<\/p>\n<div class=\"relative flex basis-auto flex-col -mb-(--composer-overlap-px) [--composer-overlap-px:55px] grow overflow-hidden\">\n<div class=\"relative h-full\">\n<div class=\"flex h-full flex-col overflow-y-auto [scrollbar-gutter:stable_both-edges] @[84rem]\/thread:pt-(--header-height)\">\n<div class=\"@thread-xl\/thread:pt-header-height flex flex-col text-sm pb-25\">\n<article class=\"text-token-text-primary w-full focus:outline-none scroll-mt-[calc(var(--header-height)+min(200px,max(70px,20svh)))]\" dir=\"auto\" tabindex=\"-1\" data-turn-id=\"request-WEB:7f8f8c86-f14f-40ae-b972-f2dcf46692c1-6\" data-testid=\"conversation-turn-14\" data-scroll-anchor=\"true\" data-turn=\"assistant\">\n<div class=\"text-base my-auto mx-auto pb-10 [--thread-content-margin:--spacing(4)] @[37rem]:[--thread-content-margin:--spacing(6)] @[72rem]:[--thread-content-margin:--spacing(16)] px-(--thread-content-margin)\">\n<div class=\"[--thread-content-max-width:32rem] @[34rem]:[--thread-content-max-width:40rem] @[64rem]:[--thread-content-max-width:48rem] mx-auto max-w-(--thread-content-max-width) flex-1 group\/turn-messages focus-visible:outline-hidden relative flex w-full min-w-0 flex-col agent-turn\" tabindex=\"-1\">\n<div class=\"flex max-w-full flex-col grow\">\n<div class=\"min-h-8 text-message relative flex w-full flex-col items-end gap-2 text-start break-words whitespace-normal [.text-message+&amp;]:mt-5\" dir=\"auto\" data-message-author-role=\"assistant\" data-message-id=\"05cd50be-706c-4598-afe0-735036abf67c\" data-message-model-slug=\"gpt-4o\">\n<div class=\"flex w-full flex-col gap-1 empty:hidden first:pt-[3px]\">\n<div class=\"markdown prose dark:prose-invert w-full break-words light markdown-new-styling\">\n<p data-start=\"52\" data-end=\"366\"><strong data-start=\"52\" data-end=\"184\">The J\u00f5esuu Rural Stay Sauna House, located on the edge of a private pond, accommodates up to 10 people and features 4 bedrooms<\/strong> (2+2+3+3).<br data-start=\"195\" data-end=\"198\" \/>The house is comfortably furnished and includes everything you need for a worry-free holiday \u2014 including air conditioning in every room and a dishwasher in the kitchen.<\/p>\n<p data-start=\"368\" data-end=\"486\">The house also features a traditional wood-fired sauna, with direct access to the private pond for a refreshing dip.<\/p>\n<p data-start=\"488\" data-end=\"630\">In addition, J\u00f5esuu Tourism Farm offers a variety of active leisure options and water sports activities that make every visit truly memorable.<\/p>\n<p data-start=\"632\" data-end=\"749\">We are located at the 35th kilometer of the Tartu\u2013Viljandi highway, conveniently accessible both by car and by water.<\/p>\n<p data-start=\"751\" data-end=\"901\"><strong data-start=\"751\" data-end=\"796\">Boat dock spaces are available for guests<\/strong>, so you can fully enjoy the stunning views and water adventures on Lake V\u00f5rtsj\u00e4rv and the Emaj\u00f5gi River.<\/p>\n<\/div>\n<\/div>\n<\/div>\n<\/div>\n<\/div>\n<\/div>\n<\/article>\n<\/div>\n<\/div>\n<\/div>\n<\/div>\n","protected":false},"excerpt":{"rendered":"<p><strong>Holiday on the shores of Lake V\u00f5rtsj\u00e4rv, in J\u00f5esuu Rural Stay!<\/strong><\/p>\n","protected":false},"featured_media":8537,"comment_status":"open","ping_status":"closed","template":"","meta":{"om_disable_all_campaigns":false,"_monsterinsights_skip_tracking":false,"_monsterinsights_sitenote_active":false,"_monsterinsights_sitenote_note":"","_monsterinsights_sitenote_category":0},"product_brand":[452],"product_cat":[349],"product_tag":[409],"class_list":{"0":"post-8984","1":"product","2":"type-product","3":"status-publish","4":"has-post-thumbnail","6":"product_brand-puhkemaja","7":"product_cat-holiday-house","8":"product_tag-tartumaa-en","9":"pa_a_mugavused-air-conditioner","10":"pa_a_mugavused-bathroom-inside-the-house","11":"pa_a_mugavused-bbq-set-included","12":"pa_a_mugavused-beautiful-view","13":"pa_a_mugavused-bed-linen","14":"pa_a_mugavused-electricity","15":"pa_a_mugavused-equipped-kitchen","16":"pa_a_mugavused-fireplace","17":"pa_a_mugavused-outdoor-furniture","18":"pa_a_mugavused-private-expanse-of-water","19":"pa_a_mugavused-private-sauna","20":"pa_a_mugavused-shelter","21":"pa_a_mugavused-terrace","22":"pa_a_mugavused-towels-included","23":"pa_a_mugavused-tv-en","24":"pa_b_lisatasu-catering","25":"pa_b_lisatasu-fishing","26":"pa_b_lisatasu-hot-tub","27":"pa_b_lisatasu-sup-board-rental","28":"pa_c_majutuskoha_reeglid-children-allowed","29":"pa_c_majutuskoha_reeglid-firemaking-not-allowed","30":"pa_c_majutuskoha_reeglid-pets-allowed","31":"pa_c_majutuskoha_reeglid-smoking-allowed-outdoors","32":"pa_d_laheduses-matkarada","33":"pa_d_laheduses-muuseum","34":"pa_d_laheduses-veekogu-lahedal","36":"first","37":"instock","38":"virtual","39":"sold-individually","40":"purchasable","41":"product-type-accommodation-booking"},"booking_location":"","booking_location_type":"","booking_duration":1,"booking_duration_unit":"night","booking_buffer":0,"booking_cost":0,"booking_resources":[],"aioseo_notices":[],"jetpack_sharing_enabled":true,"_links":{"self":[{"href":"https:\/\/elamusmajutus.eu\/en\/wp-json\/wp\/v2\/product\/8984","targetHints":{"allow":["GET"]}}],"collection":[{"href":"https:\/\/elamusmajutus.eu\/en\/wp-json\/wp\/v2\/product"}],"about":[{"href":"https:\/\/elamusmajutus.eu\/en\/wp-json\/wp\/v2\/types\/product"}],"replies":[{"embeddable":true,"href":"https:\/\/elamusmajutus.eu\/en\/wp-json\/wp\/v2\/comments?post=8984"}],"version-history":[{"count":1,"href":"https:\/\/elamusmajutus.eu\/en\/wp-json\/wp\/v2\/product\/8984\/revisions"}],"predecessor-version":[{"id":9109,"href":"https:\/\/elamusmajutus.eu\/en\/wp-json\/wp\/v2\/product\/8984\/revisions\/9109"}],"wp:featuredmedia":[{"embeddable":true,"href":"https:\/\/elamusmajutus.eu\/en\/wp-json\/wp\/v2\/media\/8537"}],"wp:attachment":[{"href":"https:\/\/elamusmajutus.eu\/en\/wp-json\/wp\/v2\/media?parent=8984"}],"wp:term":[{"taxonomy":"product_brand","embeddable":true,"href":"https:\/\/elamusmajutus.eu\/en\/wp-json\/wp\/v2\/product_brand?post=8984"},{"taxonomy":"product_cat","embeddable":true,"href":"https:\/\/elamusmajutus.eu\/en\/wp-json\/wp\/v2\/product_cat?post=8984"},{"taxonomy":"product_tag","embeddable":true,"href":"https:\/\/elamusmajutus.eu\/en\/wp-json\/wp\/v2\/product_tag?post=8984"}],"curies":[{"name":"wp","href":"https:\/\/api.w.org\/{rel}","templated":true}]}}