{"id":9575,"date":"2026-01-10T13:06:49","date_gmt":"2026-01-10T11:06:49","guid":{"rendered":"https:\/\/elamusmajutus.eu\/majutus\/kodas-iglumajutus\/"},"modified":"2026-01-10T13:06:49","modified_gmt":"2026-01-10T11:06:49","slug":"kodas-iglumajutus","status":"publish","type":"product","link":"https:\/\/elamusmajutus.eu\/en\/accommodation\/kodas-iglumajutus\/","title":{"rendered":"KODAS Igloo accommodation"},"content":{"rendered":"<p>Have you been looking for a place to combine body and mind relaxation with comfortable remote work opportunities, with a backdrop of unobstructed views of the South Estonian dome landscape and your own small lake? You&#8217;ve found it!<\/p>\n<p>KODAS igloo accommodation is exactly what you&#8217;re looking for, whether it&#8217;s a longer stay and remote work in a natural and quiet environment, or a vacation with your family or loved one. In addition, bring your family pet, who can also enjoy unlimited freedom here.<\/p>\n<p>The igloo house has everything you need for both shorter and longer stays all year round: comfortable wide beds (4 beds in total), a lounge with a sofa, a mini kitchen with everything you need for cooking, an indoor shower-toilet and all the amenities for remote work, including a fast internet connection via optical cable.<\/p>\n<p>A special bonus of the KODAS igloo accommodation is the nearby KODAS restaurant, which offers exciting culinary experiences and locally made craft drinks with top-notch service on summer weekends. Drinks and local produce can also be purchased to take away.<\/p>\n<p>It is also possible to visit the KODAS cider house on site, where the history of the cider house is introduced and you can see with your own eyes how an apple gets from the tree to the bottle.<\/p>\n<p>The accommodation is close to the historic university city of Tartu (43km), the winter capital of Otep\u00e4\u00e4 with its ski resorts, hiking trails and disc golf courses is only 12 km away, as well as the P\u00fchaj\u00e4rve spa.<\/p>\n<p>KODAS &#8211; more than a place to stay! This is your year-round refuge, whether it is a romantic escape for two or a peaceful retreat for yourself. This is a place you want to come back to.<\/p>\n","protected":false},"excerpt":{"rendered":"<p>Vacation in the KODAS igloo house &#8211; a retreat for your body and mind!<\/p>\n","protected":false},"featured_media":9467,"comment_status":"open","ping_status":"closed","template":"","meta":{"om_disable_all_campaigns":false,"_monsterinsights_skip_tracking":false,"_monsterinsights_sitenote_active":false,"_monsterinsights_sitenote_note":"","_monsterinsights_sitenote_category":0},"product_brand":[475,452],"product_cat":[349,476],"product_tag":[422,409],"class_list":{"0":"post-9575","1":"product","2":"type-product","3":"status-publish","4":"has-post-thumbnail","6":"product_brand-igloo-house","7":"product_brand-puhkemaja","8":"product_cat-holiday-house","9":"product_cat-iglumaja","10":"product_tag-polva-county","11":"product_tag-tartumaa-en","12":"pa_a_mugavused-air-conditioner","13":"pa_a_mugavused-bathroom-inside-the-house","14":"pa_a_mugavused-beautiful-view-en","15":"pa_a_mugavused-bed-linen","16":"pa_a_mugavused-electricity","17":"pa_a_mugavused-equipped-kitchen","18":"pa_a_mugavused-parking-nearby","19":"pa_a_mugavused-private-bathroom","20":"pa_a_mugavused-private-expanse-of-water","21":"pa_a_mugavused-private-toilet","22":"pa_a_mugavused-terrace","23":"pa_a_mugavused-towels-included","24":"pa_a_mugavused-wide-bed","25":"pa_a_mugavused-wifi-en","26":"pa_b_lisatasu-breakfast","27":"pa_b_lisatasu-catering","28":"pa_b_lisatasu-early-check-in","29":"pa_b_lisatasu-excursion","30":"pa_b_lisatasu-late-check-out","31":"pa_c_majutuskoha_reeglid-children-allowed","32":"pa_c_majutuskoha_reeglid-firemaking-not-allowed","33":"pa_c_majutuskoha_reeglid-free-cancellation-48h-before","34":"pa_c_majutuskoha_reeglid-parties-not-allowed","35":"pa_c_majutuskoha_reeglid-pets-allowed","36":"pa_c_majutuskoha_reeglid-serene-nights","37":"pa_c_majutuskoha_reeglid-smoking-not-allowed","38":"pa_d_laheduses-matkarada","39":"pa_d_laheduses-soogikohad-lahedal","40":"pa_d_laheduses-vaatamisvaarsused","41":"pa_d_laheduses-veekogu-lahedal","42":"pa_e_puhkuse-tuup-looduslahedus","43":"pa_e_puhkuse-tuup-rahu-ja-vaikus","44":"pa_e_puhkuse-tuup-veekogu-aares","45":"pa_f_hooaeg-e_aastaringne-majutus","47":"first","48":"instock","49":"virtual","50":"sold-individually","51":"purchasable","52":"product-type-accommodation-booking"},"booking_location":"","booking_location_type":"","booking_duration":1,"booking_duration_unit":"night","booking_buffer":0,"booking_cost":0,"booking_resources":[],"aioseo_notices":[],"jetpack_sharing_enabled":true,"_links":{"self":[{"href":"https:\/\/elamusmajutus.eu\/en\/wp-json\/wp\/v2\/product\/9575","targetHints":{"allow":["GET"]}}],"collection":[{"href":"https:\/\/elamusmajutus.eu\/en\/wp-json\/wp\/v2\/product"}],"about":[{"href":"https:\/\/elamusmajutus.eu\/en\/wp-json\/wp\/v2\/types\/product"}],"replies":[{"embeddable":true,"href":"https:\/\/elamusmajutus.eu\/en\/wp-json\/wp\/v2\/comments?post=9575"}],"version-history":[{"count":0,"href":"https:\/\/elamusmajutus.eu\/en\/wp-json\/wp\/v2\/product\/9575\/revisions"}],"wp:featuredmedia":[{"embeddable":true,"href":"https:\/\/elamusmajutus.eu\/en\/wp-json\/wp\/v2\/media\/9467"}],"wp:attachment":[{"href":"https:\/\/elamusmajutus.eu\/en\/wp-json\/wp\/v2\/media?parent=9575"}],"wp:term":[{"taxonomy":"product_brand","embeddable":true,"href":"https:\/\/elamusmajutus.eu\/en\/wp-json\/wp\/v2\/product_brand?post=9575"},{"taxonomy":"product_cat","embeddable":true,"href":"https:\/\/elamusmajutus.eu\/en\/wp-json\/wp\/v2\/product_cat?post=9575"},{"taxonomy":"product_tag","embeddable":true,"href":"https:\/\/elamusmajutus.eu\/en\/wp-json\/wp\/v2\/product_tag?post=9575"}],"curies":[{"name":"wp","href":"https:\/\/api.w.org\/{rel}","templated":true}]}}